{"id":1098,"date":"2024-03-29T09:26:10","date_gmt":"2024-03-29T09:26:10","guid":{"rendered":"https:\/\/teralytics.net\/trends-zur-mobilitaet\/"},"modified":"2024-11-12T10:31:33","modified_gmt":"2024-11-12T10:31:33","slug":"trends-zur-mobilitaet","status":"publish","type":"page","link":"https:\/\/teralytics.net\/de\/matrix-g\/trends-zur-mobilitaet\/","title":{"rendered":"Trends zur Mobilit\u00e4t"},"content":{"rendered":"<style>\n.iframe-container iframe {\n  width: 100%;\n  aspect-ratio: 16\/11;\n  border: none;\n  overflow: hidden;\n}<\/p>\n<p>section.leadershipTeamContainWrap {\n  display: none;\n}<\/p>\n<\/style>\n<h2>Alles wie zuvor?<\/h2>\n<p>  Vieles hat sich nach der Pandemie ge\u00e4ndert, wie oft, wie weit und mit welchen Verkehrsmitteln wir uns bewegen, zum Beispiel. Teralytics&#8216; &#8222;Always-On&#8220; Daten erm\u00f6glichen es uns, tagesscharf r\u00fcckblickend auf Januar 2019, Fragen zu ver\u00e4ndertem Reiseverhalten zu beantworten. Unsere Mobilit\u00e4tsdaten basieren auf Bewegungen von \u00fcber 30 Millionen Mobilfunkger\u00e4ten, die an die deutsche Gesamtbev\u00f6lkerung hochgerechnet werden.  <\/p>\n<h3>Mobilit\u00e4tsindex<\/h3>\n<p>  Der folgende Index zeigt die Ver\u00e4nderung in der Mobilit\u00e4t gegen\u00fcber dem Durchschnitt desselben Monats im Jahr 2019. Die Grafik ist interaktiv.  <\/p>\n<div class=\"iframe-container\"><iframe src=\"https:\/\/german-mobility-index.netlify.app\/indexByMot?lang=de\" frameborder=\"0\" scrolling=\"no\"><\/iframe><\/div>\n<ul>\n<li>Erkennen Sie interessante Muster in den Daten?<\/li>\n<li>Sehen Sie den Effekt des 9-Euro-Tickets im Sommer 2022 auf den Schienenverkehr?<\/li>\n<\/ul>\n<h2>Tauchen Sie tiefer ein<\/h2>\n<p>  Brauchen Sie mehr Details als eine Gesamtzahl f\u00fcr ganz Deutschland? Matrix bietet Ihnen eine r\u00e4umliche Aufl\u00f6sung von bis zu 120.000 Zonen deutschlandweit und eine zeitliche Aufl\u00f6sung bis auf den Kalendertag und die Stunde. Bitte kontaktieren Sie uns, um einen kostenlosen Demo-Zugang zu erhalten und eine unverbindliche erste Sitzung zu erleben, in der wir Ihnen zeigen, was Matrix f\u00fcr Sie tun kann.  <\/p>\n<div style=\"clear: both;\"><\/div>\n<div style=\"display: flex; justify-content: center;\"><a style=\"float: left; padding: 8px 19px; background: #139EEC; box-shadow: 0px 1px 0px rgba(0, 0, 0, 0.08), inset 0px -1px 0px rgba(0, 0, 0, 0.08); border-radius: 8px; font-style: normal; font-weight: 600; font-size: 14px; color: #fff; display: flex; justify-content: center; align-items: center; text-decoration: none; transition: 0.3s ease-in-out;\" href=\"\/contact-us\/\">Jetzt Demo anfordern<\/a><\/div>\n","protected":false},"excerpt":{"rendered":"<p>Alles wie zuvor? Vieles hat sich nach der Pandemie ge\u00e4ndert, wie oft, wie weit und mit welchen Verkehrsmitteln wir uns bewegen, zum Beispiel. Teralytics&#8216; &#8222;Always-On&#8220; Daten erm\u00f6glichen es uns, tagesscharf r\u00fcckblickend auf Januar 2019, Fragen zu ver\u00e4ndertem Reiseverhalten zu beantworten. Unsere Mobilit\u00e4tsdaten basieren auf Bewegungen von \u00fcber 30 Millionen Mobilfunkger\u00e4ten, die an die deutsche Gesamtbev\u00f6lkerung [&hellip;]<\/p>\n","protected":false},"author":7,"featured_media":0,"parent":1114,"menu_order":0,"comment_status":"closed","ping_status":"closed","template":"page-about.php","meta":{"_acf_changed":false,"content-type":"","inline_featured_image":false,"footnotes":""},"class_list":["post-1098","page","type-page","status-publish","hentry"],"acf":[],"_links":{"self":[{"href":"https:\/\/teralytics.net\/de\/wp-json\/wp\/v2\/pages\/1098","targetHints":{"allow":["GET"]}}],"collection":[{"href":"https:\/\/teralytics.net\/de\/wp-json\/wp\/v2\/pages"}],"about":[{"href":"https:\/\/teralytics.net\/de\/wp-json\/wp\/v2\/types\/page"}],"author":[{"embeddable":true,"href":"https:\/\/teralytics.net\/de\/wp-json\/wp\/v2\/users\/7"}],"replies":[{"embeddable":true,"href":"https:\/\/teralytics.net\/de\/wp-json\/wp\/v2\/comments?post=1098"}],"version-history":[{"count":0,"href":"https:\/\/teralytics.net\/de\/wp-json\/wp\/v2\/pages\/1098\/revisions"}],"up":[{"embeddable":true,"href":"https:\/\/teralytics.net\/de\/wp-json\/wp\/v2\/pages\/1114"}],"wp:attachment":[{"href":"https:\/\/teralytics.net\/de\/wp-json\/wp\/v2\/media?parent=1098"}],"curies":[{"name":"wp","href":"https:\/\/api.w.org\/{rel}","templated":true}]}}