{"id":1112,"date":"2022-12-07T13:18:25","date_gmt":"2022-12-07T13:18:25","guid":{"rendered":"https:\/\/teralytics.net\/um\/"},"modified":"2025-07-21T17:53:19","modified_gmt":"2025-07-21T17:53:19","slug":"um","status":"publish","type":"page","link":"https:\/\/teralytics.net\/de\/um\/","title":{"rendered":"\u00dcber uns"},"content":{"rendered":"<h2>Unsere Erkenntnisse sind f\u00fcr eine Vielzahl von Anwendungsf\u00e4llen in den Bereichen \u00d6PNV, SPNV und Stra\u00dfenverkehr.<\/h2>\n<p>Menschliche Mobilit\u00e4t ist viel mehr als fr\u00fcher gro\u00dfen Ver\u00e4nderungen unterworfen, die auf eine Vielzahl globaler Kr\u00e4fte zur\u00fcckzuf\u00fchren sind:<\/p>\n<ul>\n<li>Die Auswirkungen der COVID-19-Pandemie auf unsere Arbeitsgewohnheiten und Mobilit\u00e4tsentscheidungen<\/li>\n<li>Die dringende Notwendigkeit, die CO2-Emissionen zu senken<\/li>\n<li>die rasante Entwicklung von Mobilit\u00e4tstechnologien und -dienstleistungen<\/li>\n<\/ul>\n<p>Um diese Probleme wirksam angehen zu k\u00f6nnen, ben\u00f6tigen unsere Kunden aus allen Branchen ein umfassendes, aktuelles Verst\u00e4ndnis daf\u00fcr, wie unsere Mobilit\u00e4tsentscheidungen durch diese immensen Ver\u00e4nderungen beeinflusst werden.<\/p>\n<h2>Unser Ansatz<\/h2>\n<p>Wir nutzen Big Data und Machine Learning, um zu hilfreichen Erkenntnissen zu gelangen, und helfen unseren Kunden, kritische Planungs- und Betriebsfragen zu beantworten, Strategien festzulegen und Ergebnisse zu bewerten.<\/p>\n<p>Unsere Plattform ersetzt oder erg\u00e4nzt herk\u00f6mmliche Mobilit\u00e4tsdatenl\u00f6sungen und bietet bisher unerreichte Einblicke in die Mobilit\u00e4tsentscheidungen der Menschen. Entscheidend ist, dass unsere Kunden nun die Auswirkungen ihrer Initiativen leicht \u00fcberwachen, die Beteiligten auf dem Laufenden halten und den Kurs gegebenenfalls anpassen k\u00f6nnen.<\/p>\n<p>Unsere Plattform nutzt eine Vielzahl von Datenquellen, darunter Kundendaten und Mobilfunkdaten, um einen ganzheitlichen und kontinuierlichen Blick auf die menschliche Mobilit\u00e4t zu erm\u00f6glichen.<\/p>\n<p>Teralytics hat Datenpartner in 6 L\u00e4ndern auf der ganzen Welt. Unsere globale Pr\u00e4senz erm\u00f6glicht es uns, unsere Erkenntnisse grenz\u00fcberschreitend anzuwenden und zu verstehen, wie sich neue Trends auf die Mobilit\u00e4tsentscheidungen der Menschen auswirken werden.<\/p>\n","protected":false},"excerpt":{"rendered":"<p>Unsere Erkenntnisse sind f\u00fcr eine Vielzahl von Anwendungsf\u00e4llen in den Bereichen \u00d6PNV, SPNV und Stra\u00dfenverkehr. Menschliche Mobilit\u00e4t ist viel mehr als fr\u00fcher gro\u00dfen Ver\u00e4nderungen unterworfen, die auf eine Vielzahl globaler Kr\u00e4fte zur\u00fcckzuf\u00fchren sind: Die Auswirkungen der COVID-19-Pandemie auf unsere Arbeitsgewohnheiten und Mobilit\u00e4tsentscheidungen Die dringende Notwendigkeit, die CO2-Emissionen zu senken die rasante Entwicklung von Mobilit\u00e4tstechnologien und [&hellip;]<\/p>\n","protected":false},"author":3,"featured_media":0,"parent":0,"menu_order":0,"comment_status":"closed","ping_status":"closed","template":"page-about.php","meta":{"_acf_changed":false,"content-type":"","inline_featured_image":false,"footnotes":""},"class_list":["post-1112","page","type-page","status-publish","hentry"],"acf":[],"_links":{"self":[{"href":"https:\/\/teralytics.net\/de\/wp-json\/wp\/v2\/pages\/1112","targetHints":{"allow":["GET"]}}],"collection":[{"href":"https:\/\/teralytics.net\/de\/wp-json\/wp\/v2\/pages"}],"about":[{"href":"https:\/\/teralytics.net\/de\/wp-json\/wp\/v2\/types\/page"}],"author":[{"embeddable":true,"href":"https:\/\/teralytics.net\/de\/wp-json\/wp\/v2\/users\/3"}],"replies":[{"embeddable":true,"href":"https:\/\/teralytics.net\/de\/wp-json\/wp\/v2\/comments?post=1112"}],"version-history":[{"count":0,"href":"https:\/\/teralytics.net\/de\/wp-json\/wp\/v2\/pages\/1112\/revisions"}],"wp:attachment":[{"href":"https:\/\/teralytics.net\/de\/wp-json\/wp\/v2\/media?parent=1112"}],"curies":[{"name":"wp","href":"https:\/\/api.w.org\/{rel}","templated":true}]}}